{"id":2605,"date":"2022-03-14T09:48:06","date_gmt":"2022-03-14T08:48:06","guid":{"rendered":"https:\/\/aks-essen.de\/wp\/?page_id=2605"},"modified":"2022-03-14T10:22:14","modified_gmt":"2022-03-14T09:22:14","slug":"schuelerinnen-berichten-ueber-das-talentscouting","status":"publish","type":"page","link":"https:\/\/aks-essen.de\/wp\/talentscouting\/schuelerinnen-berichten-ueber-das-talentscouting\/","title":{"rendered":"Sch\u00fcler*innen berichten \u00fcber das Talentscouting"},"content":{"rendered":"\n<div class=\"wp-block-otfm-box-spoiler-start otfm-sp__wrapper otfm-sp__box js-otfm-sp-box__closed otfm-sp__f5f5f5\" role=\"button\" tabindex=\"0\" aria-expanded=\"false\" data-otfm-spc=\"#f5f5f5\" style=\"text-align:left\"><div class=\"otfm-sp__title\">Interview mit der ehemaligen Sch\u00fclersprecherin Mariam Jomaa<\/div><\/div>\n\n\n\n<p><strong>Wie bist du zum Talentscouting gekommen?<\/strong><br>In der Schule wurde f\u00fcr das Talentscouting geworben und meine Lehrer*innen haben mich daf\u00fcr empfohlen.<br><br><strong>Wenn du drei W\u00fcnsche f\u00fcr die Zukunft h\u00e4ttest, wie w\u00fcrden sie lauten?<\/strong><br>Das ist eine schwere Frage, da zun\u00e4chst einmal viele W\u00fcnsche auftauchen und sobald man sich f\u00fcr drei entscheiden muss, pl\u00f6tzlich alle verschwinden, haha. Ich begrenze die Frage auf meinen beruflichen Werdegang. Ich w\u00fcnsche mir eine Arbeit zu finden, die mich (1.) gl\u00fccklich macht, (2.) in der ich meine F\u00e4higkeiten entfalten kann und (3.) in der mich in den Dienst der Gesellschaft stellen kann.<\/p>\n\n\n\n<p><strong>Wie hat dein Scout dich bisher darin unterst\u00fctzt, diese W\u00fcnsche\/Ziele zu erreichen?<\/strong><br>Mein Scout hat mir aufmerksam zugeh\u00f6rt, was sehr sch\u00f6n war und mir das Gef\u00fchl gab, verstanden zu werden. Ich hatte viele Fragen zu den Berufen, zu der Uni und zu den Bewerbungen. Aufgrund vieler Interessen fiel es mir schwer, den richtigen Weg ins Berufsleben zu finden. So hat mir mein Scout geholfen, mehr Klarheit und Sicherheit in meinen Entscheidungen zu erlangen. Au\u00dferdem hat sich mein Scout stets darum gesorgt, ausf\u00fchrliche und informative Antworten auf meine Fragen zu finden &#8211; und ich hatte viele, manchmal auch aufw\u00e4ndige Fragen! Mein Scout hat mir wirklich geholfen.<\/p>\n\n\n\n<p><strong>Wie hast du dir deinen Bildungsweg vor dem Talentscouting vorgestellt? Hat sich durch das Talentscouting etwas daran ver\u00e4ndert und wenn ja, was?<\/strong><br>Ich wusste tats\u00e4chlich nicht genau, was ich machen sollte: Ausbildung, Duales Studium oder \u201enormales\u201c Studium. Die Gespr\u00e4che mit meinem Scout sorgten daf\u00fcr, dass ich die negativen und positiven Aspekte der jeweiligen Wege abw\u00e4gen konnte. So habe ich mich mit meiner Berufsorientierung intensiver und planvoller ausauseinandergesetzt. Letztendlich habe ich mich f\u00fcrs \u201enormale\u201c Studium entschieden.<br><br><strong>W\u00fcrdest du anderen das Talentscouting empfehlen und wenn ja, warum?<\/strong><br>Ja, ich w\u00fcrde es empfehlen, da man durch das Talentscouting viele Antworten auf die Fragen, die einem in den letzten Schuljahren durch den Kopf schwirren,&nbsp;finden kann. Da ist das Talentscouting wirklich eine Hilfe, zumal die Scouts, die ich kennenlernen durfte, sehr hilfsbereit, liebensw\u00fcrdig und motivierend sind. Ganz wichtig: Es ist den Sch\u00fcler*innen \u00fcberlassen, welche Informationen \u00fcber ihre W\u00fcnsche und Interessen f\u00fcr die Zukunft sie den Scouts preisgeben. Ich glaube, dass je mehr man \u00fcber seine Gedanken erz\u00e4hlt, desto effektiver kann der Scout helfen. Also keine Scheu! \ud83d\ude42<br><br><strong>Mit welchen Worten l\u00e4sst sich Frau Sacher beschreiben?<\/strong><br>Sehr herzlich, ehrlich und zuverl\u00e4ssig in der Beantwortung der Fragen!<br><br><strong>Gibt es etwas, was du den Lehrerinnen und Lehrern an der AKS bez\u00fcglich des Scoutings noch sagen m\u00f6chtest?<\/strong><br>Wenn Sie Sch\u00fcler*innen f\u00fcr das Talentscouting empfehlen, hat das einen motivierenden Effekt. K\u00f6nnen Sie gerne \u00f6fters tun.<\/p>\n\n\n\n<div class=\"wp-block-otfm-box-spoiler-end otfm-sp_end\"><\/div>\n\n\n\n<div class=\"wp-block-otfm-box-spoiler-start otfm-sp__wrapper otfm-sp__box js-otfm-sp-box__closed otfm-sp__f5f5f5\" role=\"button\" tabindex=\"0\" aria-expanded=\"false\" data-otfm-spc=\"#f5f5f5\" style=\"text-align:left\"><div class=\"otfm-sp__title\">Interview mit der aktuellen Sch\u00fclersprecherin Dion M\u00fcssing<\/div><\/div>\n\n\n\n<div class=\"wp-block-image\"><figure class=\"alignleft size-full\"><img loading=\"lazy\" decoding=\"async\" width=\"211\" height=\"302\" src=\"https:\/\/aks-essen.de\/wp\/wp-content\/uploads\/2022\/03\/grafik-6.png\" alt=\"Portrait von Talent Dion M\u00fcssing\" class=\"wp-image-2633\" srcset=\"https:\/\/aks-essen.de\/wp\/wp-content\/uploads\/2022\/03\/grafik-6.png 211w, https:\/\/aks-essen.de\/wp\/wp-content\/uploads\/2022\/03\/grafik-6-210x300.png 210w\" sizes=\"auto, (max-width: 211px) 100vw, 211px\" \/><\/figure><\/div>\n\n\n\n<p><strong>Wenn du drei W\u00fcnsche f\u00fcr die Zukunft h\u00e4ttest, wie w\u00fcrden sie lauten?\u00a0<\/strong><\/p>\n\n\n\n<p>&#8211; gutes Abitur schaffen<br>&#8211; Medizinstudium beginnen<br>&#8211; \u00c4rztin werden<\/p>\n\n\n\n<p><strong>Wie hat dein Scout dich bisher darin unterst\u00fctzt, diese W\u00fcnsche\/Ziele zu erreichen?<\/strong><\/p>\n\n\n\n<p>Mein Scout, Frau Sacher, kann mir bei meinen W\u00fcnschen nicht direkt helfen, aber sie hat mich bei meinem Wunsch des Medizinstudiums darin unterst\u00fctzt, indem ich durch sie auf ein Fr\u00fchstudium in Medizin aufmerksam wurde und schon erste Erfahrungen als \u201eMedizinstudentin\u201c sammeln konnte. Dies hat mir enorm geholfen, denn dadurch konnte ich sehen, ob ein Medizinstudium wirklich das Richtige f\u00fcr mich ist. Man wird aber von seinem Scout durchgehend motiviert und dies allein ist schon eine gro\u00dfe Unterst\u00fctzung, um seine W\u00fcnsche\/Ziele zu erreichen.<br><br><strong>Wie hast du dir deinen Bildungsweg vor dem Talentscouting vorgestellt? Hat sich durch das Talentscouting etwas daran ver\u00e4ndert und wenn ja, was?<\/strong><\/p>\n\n\n\n<p>Ich habe mir gedacht, dass ich viele Schwierigkeiten haben werde, was meinen Bildungsweg anbelangt, denn ich bin die erste in der Familie, die vor hat zu studieren und daher wusste ich, dass meine Familie mir bei vielen Sachen nicht helfen kann. Durch das Talentscouting habe ich die Hilfe bekommen, die ich von meiner Familie nicht bekommen h\u00e4tte und gleichzeitig wurden mir viele Unsicherheiten genommen, denn ich wurde \u00fcber die verschiedenen Wege ins Studium aufgekl\u00e4rt.<br><br><strong>W\u00fcrdest du anderen das Talentscouting empfehlen und wenn ja, warum?<\/strong><\/p>\n\n\n\n<p>Ich w\u00fcrde anderen Sch\u00fclern und Sch\u00fclerinnen das Talentscouting auf jeden Fall empfehlen, vor allem den Leuten, die schon einigerma\u00dfen eine Idee haben, in welche Richtung sie sp\u00e4ter gehen m\u00f6chten, sich aber unsicher sind, wie sie dies erreichen k\u00f6nnen, und die noch ein wenig Hilfe ben\u00f6tigen. Das Talentscouting ist aber auch sehr hilfreich f\u00fcr Sch\u00fcler*innen, die vielleicht auch gar keine Ahnung haben, was sie nach der Schule machen wollen, denn das Talentscouting hilft einem auch dabei, seine St\u00e4rken zu finden.<\/p>\n\n\n\n<p><br><strong>Mit welchen Worten l\u00e4sst sich Frau Sacher beschreiben?<\/strong><\/p>\n\n\n\n<p>Frau Sacher ist zum einen eine hilfsbereite und sehr vertrauensw\u00fcrdige Person, was als Scout auch sehr wichtig ist, denn man vertraut seinem Scout in gewisser Weise vieles an. Sie ist aber auch sehr offen und h\u00f6rt immer gerne zu, wenn man etwas zu erz\u00e4hlen hat.<br><br><strong>Gibt es etwas, was du den Lehrerinnen und Lehrern an der AKS bez\u00fcglich des Scoutings noch sagen m\u00f6chtest?<\/strong> Ich finde es gut, dass das Talentscouting an der AKS angeboten wird, denn die AKS ist eine Schule mit vielen Sch\u00fclerinnen und Sch\u00fclern, die aus bildungsfernen Familien kommen und als Einzige in der Familie eine allgemeine Hochschulreife besitzen und sp\u00e4ter sogar vielleicht Erstakademiker werden. Daher ist so eine Unterst\u00fctzung, wie das Talentscouting sehr hilfreich.<\/p>\n\n\n\n<div class=\"wp-block-otfm-box-spoiler-end otfm-sp_end\"><\/div>\n\n\n\n<div class=\"wp-block-otfm-box-spoiler-start otfm-sp__wrapper otfm-sp__box js-otfm-sp-box__closed otfm-sp__f5f5f5\" role=\"button\" tabindex=\"0\" aria-expanded=\"false\" data-otfm-spc=\"#f5f5f5\" style=\"text-align:left\"><div class=\"otfm-sp__title\">Interview mit Hanim Isiklar (aus dem Abiturjahrgang 2021)<\/div><\/div>\n\n\n\n<p><strong>Wie bist du zum Talentscouting gekommen?<\/strong><\/p>\n\n\n\n<p>Ich wurde, wie auch andere Sch\u00fcler der AKS von einem*r Lehrer*in f\u00fcr das Talentscouting empfohlen und sofort mit Frau Sacher per Teams in Verbindung gebracht. Zu Beginn war ich ziemlich aufgeregt, da mir unklar war, was genau auf mich zukommen w\u00fcrde. Jedoch ist das Gespr\u00e4ch, bei dem wir \u00fcber meine aktuellen Leistungen und zuk\u00fcnftigen Zielen gesprochen haben, sehr entspannt verlaufen. Nach dem Gespr\u00e4ch folgten weitere Gespr\u00e4che, bei denen Fragen gestellt und beantwortet wurden.<\/p>\n\n\n\n<p><br><strong>Wenn du drei W\u00fcnsche f\u00fcr die Zukunft h\u00e4ttest, wie w\u00fcrden sie lauten?<\/strong><\/p>\n\n\n\n<p>Mir und vielen anderen w\u00fcnsche ich eine nachhaltige Zukunft mit Familie und Beruf. Vor allem aber auch eine Zukunft mit Gesundheit und Zufriedenheit.<\/p>\n\n\n\n<p><br><strong>Wie hat dein Scout dich bisher darin unterst\u00fctzt, diese W\u00fcnsche\/Ziele zu erreichen?<\/strong><\/p>\n\n\n\n<p>Wir haben uns mit Frau Sacher Universit\u00e4ten im Umkreis angeschaut, die NC\u2019s \u00fcberpr\u00fcft und weitere wichtige Details \u00fcber die Bewerbung an einer Universit\u00e4t besprochen. Frau Sacher hat mir auch gezeigt, wie ich auf jeweiligen Internetseiten und Uni-Homepages an Informationen gelangen kann. Des Weiteren hat sie mir Online-Seminare der jeweiligen Universit\u00e4ten empfohlen, bei denen ich reinschnuppern konnte.<\/p>\n\n\n\n<p><br><strong>Wie hast du dir deinen Bildungsweg vor dem Talentscouting vorgestellt? Hat sich durch das Talentscouting etwas daran ver\u00e4ndert und wenn ja, was?<\/strong><\/p>\n\n\n\n<p>Mir war bereits klar, was ich studieren m\u00f6chte, ich wusste jedoch nicht wo. Dabei hat mir das Talentscouting sehr geholfen.<\/p>\n\n\n\n<p><br><strong>W\u00fcrdest du anderen das Talentscouting empfehlen und wenn ja, warum?<\/strong><\/p>\n\n\n\n<p>Ja, ich w\u00fcrde anderen das Talentscouting weiterempfehlen, da neben der eigenen Recherche eine professionelle Hilfe nur von Vorteil ist und einem auch als Bezugsperson bei Fragen zur Seite steht. Aber es geht ja auch nicht nur um das Studium oder den Beruf, sondern auch darum, sich selbst besser kennenzulernen, seine eigenen St\u00e4rken und Potentiale wahrzunehmen. Letztendlich kann auch \u00fcber Studienfinanzierung, Stipendien usw. gesprochen werden.<\/p>\n\n\n\n<p><br><strong>Mit welchen Worten l\u00e4sst sich Frau Sacher beschreiben?<\/strong><\/p>\n\n\n\n<p>Sie ist sehr nett, hilfsbereit und ambitioniert in ihrem Beruf.<\/p>\n\n\n\n<p><br><strong>Gibt es etwas, was du den Lehrerinnen und Lehrern an der AKS bez\u00fcglich des Scoutings noch sagen m\u00f6chtest?<\/strong> Erstmal vielen Dank f\u00fcr die M\u00f6glichkeit, die Sie mir und anderen Sch\u00fclern mit dem Talentscouting gegeben haben. Ansonsten w\u00fcrde ich empfehlen in Zukunft vielleicht auch Sch\u00fcler*innen mit Interessen und Wissen, die nicht in unserem Schulsystem gelehrt werden (z.B. eSport, Gaming, Streaming, Social Media Influencer, etc.), zum Talentscouting einzuladen.<\/p>\n\n\n\n<div class=\"wp-block-otfm-box-spoiler-end otfm-sp_end\"><\/div>\n","protected":false},"excerpt":{"rendered":"<p>Wie bist du zum Talentscouting gekommen?In der Schule wurde f\u00fcr das Talentscouting geworben und meine Lehrer*innen haben mich daf\u00fcr empfohlen. Wenn du drei W\u00fcnsche f\u00fcr die Zukunft h\u00e4ttest, wie w\u00fcrden sie lauten?Das ist eine schwere Frage, da zun\u00e4chst einmal viele W\u00fcnsche auftauchen und sobald man sich f\u00fcr drei entscheiden muss, pl\u00f6tzlich alle verschwinden, haha. Ich begrenze die Frage auf meinen &hellip; <\/p>\n","protected":false},"author":1,"featured_media":0,"parent":2531,"menu_order":0,"comment_status":"closed","ping_status":"closed","template":"","meta":{"footnotes":""},"class_list":["post-2605","page","type-page","status-publish","hentry"],"_links":{"self":[{"href":"https:\/\/aks-essen.de\/wp\/wp-json\/wp\/v2\/pages\/2605","targetHints":{"allow":["GET"]}}],"collection":[{"href":"https:\/\/aks-essen.de\/wp\/wp-json\/wp\/v2\/pages"}],"about":[{"href":"https:\/\/aks-essen.de\/wp\/wp-json\/wp\/v2\/types\/page"}],"author":[{"embeddable":true,"href":"https:\/\/aks-essen.de\/wp\/wp-json\/wp\/v2\/users\/1"}],"replies":[{"embeddable":true,"href":"https:\/\/aks-essen.de\/wp\/wp-json\/wp\/v2\/comments?post=2605"}],"version-history":[{"count":8,"href":"https:\/\/aks-essen.de\/wp\/wp-json\/wp\/v2\/pages\/2605\/revisions"}],"predecessor-version":[{"id":2637,"href":"https:\/\/aks-essen.de\/wp\/wp-json\/wp\/v2\/pages\/2605\/revisions\/2637"}],"up":[{"embeddable":true,"href":"https:\/\/aks-essen.de\/wp\/wp-json\/wp\/v2\/pages\/2531"}],"wp:attachment":[{"href":"https:\/\/aks-essen.de\/wp\/wp-json\/wp\/v2\/media?parent=2605"}],"curies":[{"name":"wp","href":"https:\/\/api.w.org\/{rel}","templated":true}]}}